{"id":131287,"date":"2023-09-29T09:27:46","date_gmt":"2023-09-29T07:27:46","guid":{"rendered":"https:\/\/cnn.infinity.it\/?page_id=131287"},"modified":"2023-09-29T09:28:28","modified_gmt":"2023-09-29T07:28:28","slug":"privacy","status":"publish","type":"page","link":"https:\/\/cnnnotizie.notariato.it\/index.php\/privacy\/","title":{"rendered":"Privacy"},"content":{"rendered":"<div id=\"tdi_1\" class=\"tdc-zone\"><div class=\"tdc_zone tdi_2  wpb_row td-pb-row\"  >\n<style scoped>\n\n\/* custom css *\/\n.tdi_2{\r\n                    min-height: 0;\r\n                }\n<\/style><div id=\"tdi_3\" class=\"tdc-row\"><div class=\"vc_row tdi_4  wpb_row td-pb-row\" >\n<style scoped>\n\n\/* custom css *\/\n.tdi_4,\r\n                .tdi_4 .tdc-columns{\r\n                    min-height: 0;\r\n                }.tdi_4,\r\n\t\t\t\t.tdi_4 .tdc-columns{\r\n\t\t\t\t    display: block;\r\n\t\t\t\t}.tdi_4 .tdc-columns{\r\n\t\t\t\t    width: 100%;\r\n\t\t\t\t}\n<\/style><div class=\"vc_column tdi_6  wpb_column vc_column_container tdc-column td-pb-span12\">\n<style scoped>\n\n\/* custom css *\/\n.tdi_6{\r\n                    vertical-align: baseline;\r\n                }.tdi_6 > .wpb_wrapper,\r\n\t\t\t\t.tdi_6 > .wpb_wrapper > .tdc-elements{\r\n\t\t\t\t    display: block;\r\n\t\t\t\t}.tdi_6 > .wpb_wrapper > .tdc-elements{\r\n\t\t\t\t    width: 100%;\r\n\t\t\t\t}.tdi_6 > .wpb_wrapper > .vc_row_inner{\r\n\t\t\t\t    width: auto;\r\n\t\t\t\t}.tdi_6 > .wpb_wrapper{\r\n\t\t\t\t    width: auto;\r\n\t\t\t\t    height: auto;\r\n\t\t\t\t}\n<\/style><div class=\"wpb_wrapper\" ><div class=\"td_block_wrap td_block_text_with_title tdi_7 tagdiv-type td-pb-border-top td_block_template_1\"  data-td-block-uid=\"tdi_7\" >\n<style>\n\/* custom css *\/\n.td_block_text_with_title{\r\n                  margin-bottom: 44px;\r\n                  -webkit-transform: translateZ(0);\r\n                  transform: translateZ(0);\r\n                }.td_block_text_with_title p:last-child{\r\n                  margin-bottom: 0;\r\n                }\n<\/style><div class=\"td-block-title-wrap\"><h4 class=\"block-title td-block-title\"><span class=\"td-pulldown-size\">Privacy<\/span><\/h4><\/div><div class=\"td_mod_wrap td-fix-index\"><p><strong>PRIVACY E SICUREZZA\u2013 INFORMATIVA<\/strong><\/p>\n<p>Gentile utente, La informiamo che il trattamento dei Suoi dati personali effettuato tramite questo sito web avverr\u00e0 nel rispetto della vigente normativa in materia di protezione dei dati personali e sar\u00e0 improntato ai principi di correttezza, liceit\u00e0, trasparenza e protezione dei dati. A tal fine, in ottemperanza a quanto previsto dall\u2019articolo 13 del Regolamento europeo 2016\/679 (GDPR), Le indichiamo qui di seguito le informazioni di carattere generale riguardo i trattamenti di dati personali effettuati tramite questo sito web, ulteriori specifiche informative saranno presentate laddove necessario direttamente nelle pagine web dove avverr\u00e0 la raccolta di dati per poterLe fornire un servizio da Lei richiesto.<\/p>\n<p>Tale informativa si riferisce esclusivamente ai dati di coloro che interagiscono con i servizi accessibili a partire dalla home page\u00a0<strong>www. notariato.it<\/strong>\u00a0(il Sito), senza estendersi agli altri siti web eventualmente raggiunti dall\u2019utente tramite eventuali link presenti sul sito. L\u2019informativa copre anche gli eventuali servizi offerti dal Sito (a titolo esemplificativo e non esaustivo, l\u2019accesso all\u2019area riservata), nonch\u00e9 eventuali altri siti con differente top level domain (a titolo esemplificativo e non esaustivo: ca.notariato.it; pec.notariato.it; notariato.net; notariato.org).<\/p>\n<p>L\u2019informativa \u00e8 resa per il presente Sito, pertanto il Consiglio Nazionale del Notariato non si assume nessuna responsabilit\u00e0 in merito agli altri siti web (incluse piattaforme di social network) eventualmente consultati tramite collegamenti ipertestuali presenti sul sito stesso.<\/p>\n<p><strong>Dati di contatto del Titolare e del DPO<\/strong><\/p>\n<p>Il titolare del trattamento \u00e8 Consiglio Nazionale del Notariato, con sede in Roma, Via Flaminia, 160 (di seguito \u201cil Titolare\u201d).<\/p>\n<p>La informiamo che il Titolare ha provveduto a nominare un Responsabile per la protezione dei dati personali (Data Protection Officer, indicato con il termine DPO) contattabile all\u2019indirizzo\u00a0<strong>dpo@notariato.it\u00a0 \u00a0<\/strong><\/p>\n<p>Per qualsiasi Sua comunicazione, nei confronti del DPO, dovr\u00e0 riportare nella richiesta i Suoi dati di contatto, indispensabili per poterLa individuare e ricontattare.<\/p>\n<p><strong>Tipologia di dati trattati<\/strong><\/p>\n<p><em>Dati di navigazione<\/em><\/p>\n<p>I sistemi informatici e le procedure software preposte al funzionamento di questo sito web acquisiscono, nel corso del loro normale esercizio, alcuni dati personali la cui trasmissione \u00e8 implicita nell\u2019uso dei protocolli di comunicazione di Internet.<\/p>\n<p>In questa categoria di dati rientrano gli indirizzi IP o i nomi a dominio dei computer utilizzati dagli utenti che si connettono al sito, gli indirizzi in notazione URI (Uniform Resource Identifier) delle risorse richieste, l\u2019orario della richiesta, il metodo utilizzato nel sottoporre la richiesta al server, la dimensione del file ottenuto in risposta, il codice numerico indicante lo stato della risposta data dal server (buon fine, errore, ecc.) ed altri parametri relativi al sistema operativo e all\u2019ambiente informatico dell\u2019utente.<\/p>\n<p>Si tratta di informazioni che non sono raccolte per essere associate a interessati identificati, in quanto i dati vengono utilizzati al solo fine di ricavare informazioni statistiche anonime sull\u2019uso del sito e per controllarne il corretto funzionamento, ma per loro stessa natura potrebbero, attraverso elaborazioni ed associazioni con dati detenuti da terzi, permetterne di identificare gli utenti. Si segnala che i dati potrebbero essere utilizzati dalle Autorit\u00e0 competenti per l\u2019accertamento di responsabilit\u00e0 in caso di ipotetici reati informatici.<\/p>\n<p><em>Dati forniti volontariamente dall\u2019utente<\/em><\/p>\n<p>Per accedere ad alcuni servizi riservati agli utenti, \u00e8 necessario registrarsi e inserire alcuni dati personali. Il conferimento di alcuni dati identificativi \u00e8 necessario al fine di autenticare e verificare la legittimazione all\u2019accesso nelle aree riservate, ai soggetti che vi accedono. L\u2019invio facoltativo, esplicito e volontario di posta elettronica agli indirizzi indicati su questo sito comporta la successiva acquisizione dell\u2019indirizzo del mittente, necessario per rispondere alle richieste, nonch\u00e9 degli eventuali altri dati personali inseriti nella missiva.<\/p>\n<p><strong>Finalit\u00e0<\/strong><\/p>\n<p>I dati da Lei forniti potranno essere trattati per:<\/p>\n<ol>\n<li>lo svolgimento delle operazioni strettamente necessarie onde procedere all\u2019erogazione dei servizi eventualmente da Lei richiesti, tra questi inclusa la richiesta, implicita, costituita dalla Sua navigazione tra le pagine del sito. L\u2019acquisizione dei dati necessari per l\u2019erogazione di servizi da Lei esplicitamente richiesti avviene esclusivamente nelle aree riservate del sito: il sito ha una funzione meramente divulgativa ed in nessun altro punto di esso, a parte le aree riservate, si richiede l\u2019acquisizione di Suoi dati personali;<\/li>\n<li>attivit\u00e0 imposte da leggi, regolamenti o provvedimenti;<\/li>\n<li>elaborazioni statistiche su dati aggregati in relazione alle prestazioni del sito;<\/li>\n<li>fornirle informazioni personalizzate nell\u2019Area utente.<\/li>\n<\/ol>\n<p><strong>Base giuridica<\/strong><\/p>\n<p>Il trattamento dei suoi dati personali verr\u00e0 effettuato sulla base di una o pi\u00f9 delle seguenti condizioni. In particolare, i trattamenti effettuati per le finalit\u00e0 sopra descritte, che riguardano:<\/p>\n<ul>\n<li>punto 1, hanno come base giuridica la necessit\u00e0 di dare esecuzione alle Sue espresse richieste di ricevere un servizio direttamente disponibile tramite il sito: si tratta dunque di conferimento di dati strettamente necessari e connessi ad una fase precontrattuale e\/o contrattuale ovvero funzionale a dare riscontro ad una Sua specifica richiesta, come tali i dati di volta in volta raccolti sono obbligatori e, qualora non intenda fornirli, non sar\u00e0 possibile erogare il servizio o dare risposta a quanto da Lei richiesto;<\/li>\n<li>punto 2, hanno come base giuridica la necessit\u00e0 di rispettare un obbligo di legge quale ad esempio l\u2019obbligo di attuare misure di sicurezza previste da leggi specifiche applicabili per determinati servizi erogati tramite il sito e come tali questi dati e relativi trattamenti sono obbligatori;<\/li>\n<li>punto 3, trattandosi di dati anonimizzati, ossia dati dai quali non risulta possibile re-identificare, anche indirettamente, una persona fisica, tali dati non sono pi\u00f9 dati personali, pertanto i relativi trattamenti sono sottratti alla applicazione della normativa privacy e non risulta necessaria una particolare base giuridica;<\/li>\n<li>punto 4, hanno come base giuridica il rapporto di iscrizione ai singoli Consigli notarili e, pertanto, sono trattati in adempimento di obblighi normativi e\/o contrattuali.<\/li>\n<\/ul>\n<p><strong>Modalit\u00e0 di trattamento, misure di sicurezza e tempi di conservazione<\/strong><\/p>\n<p>Tutti i dati verranno trattati in formato prevalentemente elettronico. I dati personali nonch\u00e9 ogni altra eventuale informazione associabile, direttamente od indirettamente, ad un utente determinato, sono raccolti e trattati applicando le misure di sicurezza tecniche e organizzative tali da garantire un livello di sicurezza adeguato al rischio, tenendo conto dello stato dell\u2019arte e dei costi di attuazione, o, ove previste, misure di sicurezza prescritte da apposita normativa quale a titolo di esempio non esaustivo: misure previste da applicabili provvedimenti emessi dal Garante per la protezione dati personali e saranno accessibili solo al personale specificamente autorizzato.<\/p>\n<p>Proprio in riferimento agli aspetti di protezione dei dati personali, Lei \u00e8 invitato, ai sensi dell\u2019art. 33 del GDPR a segnalare al Titolare eventuali circostanze o eventi dai quali possa discendere una potenziale \u201cviolazione dei dati personali (data breach)\u201d al fine di consentire una immediata valutazione e l\u2019adozione di eventuali azioni volte a contrastare tale evento, inviando una specifica comunicazione all\u2019indirizzo email riportato nella precedente sezione:\u00a0<strong>Dati di contatto del Titolare e del DPO<\/strong>. Si ricorda che per violazione dati personali si intende\u00a0<em>\u201cla violazione di sicurezza che comporta accidentalmente o in modo illecito la distruzione, la perdita, la modifica, la divulgazione non autorizzata o l\u2019accesso ai dati personali trasmessi, conservati o comunque trattati\u201d<\/em>.<\/p>\n<p>Le misure adottate dal Titolare non esimono l\u2019utente dal prestare la necessaria attenzione all\u2019utilizzo, ove richiesto, di password\/PIN di complessit\u00e0 adeguata, che dovr\u00e0 custodire con attenzione e rendere inaccessibili ad altri, al fine di evitarne usi impropri e non autorizzati.<\/p>\n<p>I dati personali trattati verranno conservati in una forma che consenta l\u2019identificazione degli interessati per un arco di tempo non superiore al conseguimento delle finalit\u00e0 per le quali sono trattati, fatta salva la necessit\u00e0 di conservarli per un periodo maggiore a seguito di richieste da parte delle Autorit\u00e0 competenti in materia di prevenzione e prosecuzione di reati o, comunque per far valere o difendere un diritto in sede giudiziaria. Nel caso di dati personali raccolti in virt\u00f9 dell\u2019iscrizione al Consiglio Nazionale del Notariato, saranno conservati per tutto il periodo dell\u2019iscrizione al Consiglio Nazionale del Notariato e, successivamente, conformemente alle previsioni normative.<\/p>\n<p><strong>Categorie di Destinatari dei dati personali<\/strong><\/p>\n<p>I dati personali saranno trattati dal personale specificamente autorizzato da parte del Titolare nonch\u00e9 da soggetti terzi, anche eventualmente stabiliti in paesi esteri rispetto l\u2019Unione Europea, solo qualora ci\u00f2 sia necessario per esigenze di operativit\u00e0 e manutenzione del sito e dei servizi messi a disposizione tramite il sito stesso, fatti salvi gli eventuali obblighi previsti da disposizioni di legge (es: ispezioni da parte delle competenti Autorit\u00e0).<\/p>\n<p>In nessun caso i dati saranno diffusi al pubblico.<\/p>\n<p>Come previsto dal GDPR, il Titolare provvede a nominare quali responsabili di trattamento dati personali le societ\u00e0 terze che svolgono in tutto o in parte le attivit\u00e0 in oggetto esclusivamente per conto del Titolare (a titolo esemplificativo e non esaustivo: la societ\u00e0 che gestisce i servizi informatici del Titolare). Nel caso di coinvolgimento di soggetti terzi stabiliti in paesi esteri rispetto l\u2019Unione Europea, per il relativo trasferimento di dati all\u2019estero sono adottate le garanzie appropriate corrispondenti alle decisioni di adeguatezza emesse dalla Commissione Europea e\/o dall\u2019Autorit\u00e0 Garante nazionale per la protezione dei dati personali di volta in volta adeguate al caso. Ulteriori informazioni riguardo i casi di eventuali trasferimenti di dati verso paesi esteri rispetto l\u2019Unione Europea e le relative garanzie adottate, nonch\u00e9 informazioni riguardo le societ\u00e0 nominate responsabili di trattamento dati personali, possono essere richieste al DPO.<\/p>\n<p>I dati personali forniti dagli utenti che inoltrano richieste di invio di materiale informativo (documentazione varia, relazioni, risposte a quesiti, pubblicazioni, ecc.) sono utilizzati al solo fine di eseguire il servizio o la prestazione richiesta e sono comunicati a terzi nel solo caso in cui ci\u00f2 sia a tal fine necessario.<\/p>\n<p><strong>Diritti degli interessati<\/strong><\/p>\n<p>In relazione ai trattamenti dei Suoi dati personali svolti tramite questo sito, in ogni momento, in qualit\u00e0 di interessato potr\u00e0 esercitare i diritti previsti dal GDPR. In particolare potr\u00e0:<\/p>\n<ul>\n<li>accedere ai suoi dati personali, ottenendo evidenza delle finalit\u00e0 perseguite da parte del titolare, delle categorie di dati coinvolti, dei destinatari a cui gli stessi possono essere comunicati, del periodo di conservazione applicabile, dell\u2019esistenza di processi decisionali automatizzati, compresa la profilazione, e, almeno in tali casi, informazioni significative sulla logica utilizzata, nonch\u00e9 l\u2019importanza e le conseguenze possibili per l\u2019interessato, ove non gi\u00e0 indicato nel testo di questa Informativa;<\/li>\n<li>ottenere senza ritardo la rettifica dei dati personali inesatti che la riguardano;<\/li>\n<li>ottenere, nei casi previsti dalla legge, la cancellazione dei suoi dati;<\/li>\n<li>ottenere la limitazione del trattamento o di opporsi allo stesso, quando ammesso in base alle previsioni di legge applicabili al caso specifico;<\/li>\n<li>nei casi previsti dalla legge richiedere la portabilit\u00e0 dei dati che lei ha fornito al titolare, vale a dire di riceverli in un formato strutturato, di uso comune e leggibile da dispositivo automatico, ed anche richiedere di trasmettere tali dati ad un altro titolare, se tecnicamente fattibile;<\/li>\n<li>ove lo ritenga opportuno, proporre reclamo all\u2019autorit\u00e0 di controllo.<\/li>\n<\/ul>\n<p>In particolare, le sono riconosciuti i seguenti diritti: artt. 15 \u2013 \u201cDiritto di accesso dell\u2019interessato\u201d, 16 \u2013 \u201cDiritto di rettifica\u201d, 17 \u2013 \u201cDiritto alla cancellazione\u201d, 18 \u2013 \u201cDiritto di limitazione al trattamento\u201d, 20 \u2013 \u201cDiritto alla portabilit\u00e0 dei dati\u201d, 21 \u2013 \u201cDiritto di opposizione\u201d GDPR nei limiti ed alle condizioni previste dall\u2019art. 12 GDPR.<\/p>\n<p>Per i trattamenti di dati personali per i quali la base giuridica \u00e8 il consenso, Lei potr\u00e0 sempre revocarlo.<\/p>\n<p>Per esercitare tali diritti, baster\u00e0 contattare il DPO facendo riferimento ai dati di contatto riportati all\u2019inizio di questa Informativa.<\/p>\n<p>A tal proposito Le segnaliamo che l\u2019Autorit\u00e0 Garante ha predisposto sul proprio sito un apposito formulario che Lei potr\u00e0 utilizzare in tutto o in parte per descrivere quali diritti intende esercitare, detto formulario \u00e8 reperibile all\u2019indirizzo web:\u00a0<strong><a href=\"http:\/\/www.garanteprivacy.it\/web\/guest\/home\/docweb\/-\/docweb-display\/docweb\/9401345\">http:\/\/www.garanteprivacy.it\/web\/guest\/home\/docweb\/-\/docweb-display\/docweb\/9401345<\/a><\/strong>.<\/p>\n<p>Per ricevere ulteriori informazioni in ordine ai suoi diritti ed alla disciplina sulla privacy in generale La invitiamo a visitare il sito web dell\u2019Autorit\u00e0 Garante per la protezione dei dati personali, all\u2019indirizzo\u00a0<a href=\"http:\/\/www.garanteprivacy.it\/\"><strong>http:\/\/www.garanteprivacy.it\/<\/strong><\/a>.<\/p>\n<p><strong>Informativa sui Cookies<\/strong><\/p>\n<p>Di seguito si riporta la Cookie policy da utilizzare quale informativa estesa ai sensi dell\u2019art. 13 D.lgs. 196\/2003 (di seguito\u00a0<strong>\u201cCodice Privacy\u201d<\/strong>) e degli artt. 13 e 14 del Regolamento (UE) 2016\/679 (di seguito\u00a0<strong>\u201cGDPR\u201d<\/strong>).<\/p>\n<p><em>Cosa sono i Cookie?<\/em><\/p>\n<p>I Cookie sono pacchetti di informazioni inviate da un web server (es. il sito) al browser Internet dell\u2019utente, da quest\u2019ultimo memorizzati automaticamente sul computer e rinviati automaticamente al server ad ogni successivo accesso al sito.<\/p>\n<p>Per default quasi tutti i browser web sono impostati per accettare automaticamente i cookie.<\/p>\n<p>Tipicamente i cookie possono essere installati:<\/p>\n<ul>\n<li>direttamente dal proprietario e\/o responsabile del sito web (c.d.\u00a0<em>cookie di prima parte<\/em>);<\/li>\n<li>da responsabili estranei al sito web visitato dall\u2019utente (c.d.\u00a0<em>cookie di terza parte<\/em>).<\/li>\n<\/ul>\n<p>Ove non diversamente specificato, si rammenta che questi cookie ricadono sotto la diretta ed esclusiva responsabilit\u00e0 dello stesso gestore. Ulteriori informazioni sulla privacy e sul loro uso sono reperibili direttamente sui siti dei rispettivi gestori.<\/p>\n<p>Questo sito web pu\u00f2 utilizzare, anche in combinazione tra di loro i seguenti tipi di cookie classificati in base alle indicazioni del Garante Privacy e dei Pareri emessi in ambito Europeo dal Gruppo di Lavoro ex art. 29 del GDPR:<\/p>\n<ul>\n<li><strong><em>Sessione<\/em><\/strong>\u00a0che non vengono memorizzati in modo persistente sul computer dell\u2019utente e si cancellano con la chiusura del browser, sono strettamente limitati alla trasmissione di identificativi di sessione necessari per consentire l\u2019esplorazione sicura ed efficiente del sito evitando il ricorso ad altre tecniche informatiche potenzialmente pregiudizievoli per la riservatezza della navigazione degli utenti.<\/li>\n<li><strong><em>Persistenti<\/em><\/strong><em>\u00a0<\/em>che rimangono memorizzati sul disco rigido del computer fino alla loro scadenza o cancellazione da parte degli utenti\/visitatori. Tramite i cookie persistenti i visitatori che accedono al sito (o eventuali altri utenti che impiegano il medesimo computer) vengono automaticamente riconosciuti ad ogni visita. I visitatori possono impostare il browser del computer in modo tale che accetti\/rifiuti tutti i cookie o visualizzi un avviso ogni qual volta viene proposto un cookie, per poter valutare se accettarlo o meno. L\u2019utente pu\u00f2, comunque, modificare la configurazione predefinita e disabilitare i cookie (cio\u00e8 bloccarli in via definitiva), impostando il livello di protezione pi\u00f9 elevato.<\/li>\n<li><strong><em>Tecnici<\/em><\/strong>\u00a0sono i cookie utilizzati per autenticarsi, per usufruire di contenuti multimediali tipo flash player o per consentire la scelta della lingua di navigazione. In generale non \u00e8 quindi necessario acquisire il consenso preventivo e informato dell\u2019utente. Rientrano in questa fattispecie anche i cookie utilizzati per analizzare statisticamente gli accessi\/le visite al sito solo se utilizzati esclusivamente per scopi statistici e tramite la raccolta di informazioni in forma aggregata.<\/li>\n<li><strong><em>Non tecnici<\/em><\/strong>\u00a0sono tutti i cookie usati per finalit\u00e0 di profilazione e marketing. Il loro utilizzo sui terminali degli utenti \u00e8 vietato se questi non siano stati prima adeguatamente informati e non abbiano prestato al riguardo un valido consenso secondo la tecnica dell\u2019opt-in. Questi tipi di cookie sono, a loro volta, raggruppabili in base alle funzioni che assolvono in:<\/li>\n<\/ul>\n<ol>\n<li><strong><em>Analitycs<\/em><\/strong>. Sono i cookie utilizzati per raccogliere ed analizzare informazioni statistiche sugli accessi\/le visite al sito web. In alcuni casi, associati ad altre informazioni quali le credenziali inserite per l\u2019accesso ad aree riservate (il proprio indirizzo di posta elettronica e la password), possono essere utilizzate per profilare l\u2019utente (abitudini personali, siti visitati, contenuti scaricati, tipi di interazioni effettuate, ecc.).<\/li>\n<li><strong><em>Widgets<\/em><\/strong><strong>.<\/strong>\u00a0Rientrano in questa categoria tutti quei componenti grafici di una interfaccia utente di un programma, che ha lo scopo di facilitare l\u2019utente nell\u2019interazione con il programma stesso. A titolo esemplificativo sono widget i cookie di Facebook, Google+, Twitter.<\/li>\n<li><strong><em>Advertsing<\/em><\/strong>. Rientrano in questa categoria i cookie utilizzati per fare pubblicit\u00e0 all\u2019interno di un sito. Google, Tradedoubler rientrano in questa categoria.<\/li>\n<li><strong><em>Web beacons<\/em><\/strong>. Rientrano in questa categoria i frammenti di codice che consentono a un sito web di trasferire o raccogliere informazioni attraverso la richiesta di un\u2019immagine grafica. I siti web possono utilizzarli per diversi fini, quali l\u2019analisi dell\u2019uso dei siti web, attivit\u00e0 di controllo e reportistica sulle pubblicit\u00e0 e la personalizzazione di pubblicit\u00e0 e contenuti.<\/li>\n<\/ol>\n<p><strong>I cookie presenti sul Sito<\/strong><\/p>\n<p><em>Per le informazioni dettagliate riguardanti i cookies si rimanda alla\u00a0<a href=\"https:\/\/notariato.it\/it\/cookie-policy-ue\/\">relativa pagina presente qui<\/a><\/em><\/p>\n<p><em>Agg.\u00a0 al 12 maggio 2023<\/em><\/p>\n<\/div><\/div><\/div><\/div><\/div><\/div><\/div><\/div>","protected":false},"excerpt":{"rendered":"","protected":false},"author":1,"featured_media":0,"parent":0,"menu_order":0,"comment_status":"closed","ping_status":"closed","template":"","meta":{"footnotes":""},"_links":{"self":[{"href":"https:\/\/cnnnotizie.notariato.it\/index.php\/wp-json\/wp\/v2\/pages\/131287"}],"collection":[{"href":"https:\/\/cnnnotizie.notariato.it\/index.php\/wp-json\/wp\/v2\/pages"}],"about":[{"href":"https:\/\/cnnnotizie.notariato.it\/index.php\/wp-json\/wp\/v2\/types\/page"}],"author":[{"embeddable":true,"href":"https:\/\/cnnnotizie.notariato.it\/index.php\/wp-json\/wp\/v2\/users\/1"}],"replies":[{"embeddable":true,"href":"https:\/\/cnnnotizie.notariato.it\/index.php\/wp-json\/wp\/v2\/comments?post=131287"}],"version-history":[{"count":4,"href":"https:\/\/cnnnotizie.notariato.it\/index.php\/wp-json\/wp\/v2\/pages\/131287\/revisions"}],"predecessor-version":[{"id":131291,"href":"https:\/\/cnnnotizie.notariato.it\/index.php\/wp-json\/wp\/v2\/pages\/131287\/revisions\/131291"}],"wp:attachment":[{"href":"https:\/\/cnnnotizie.notariato.it\/index.php\/wp-json\/wp\/v2\/media?parent=131287"}],"curies":[{"name":"wp","href":"https:\/\/api.w.org\/{rel}","templated":true}]}}